{"id":23,"date":"2018-10-19T15:25:45","date_gmt":"2018-10-19T13:25:45","guid":{"rendered":"http:\/\/dev.krischan-gmbh.com\/?page_id=23"},"modified":"2025-09-16T15:52:30","modified_gmt":"2025-09-16T13:52:30","slug":"team","status":"publish","type":"page","link":"https:\/\/krischan-gmbh.com\/en\/team\/","title":{"rendered":"Team"},"content":{"rendered":"<p><div class=\"fusion-fullwidth fullwidth-box fusion-builder-row-1 nonhundred-percent-fullwidth non-hundred-percent-height-scrolling\" style=\"background-color: rgba(255,255,255,0);background-position: center center;background-repeat: no-repeat;padding-top:20px;padding-right:15%;padding-bottom:20px;padding-left:15%;margin-bottom: 0px;margin-top: 0px;border-width: 0px 0px 0px 0px;border-color:#eae9e9;border-style:solid;\" ><div class=\"fusion-builder-row fusion-row\"><div class=\"fusion-layout-column fusion_builder_column fusion-builder-column-0 fusion_builder_column_1_3 1_3 fusion-one-third fusion-column-first\" style=\"width:33.333333333333%;width:calc(33.333333333333% - ( ( 4% + 4% ) * 0.33333333333333 ) );margin-right: 4%;margin-top:0px;margin-bottom:20px;\"><div class=\"fusion-column-wrapper fusion-flex-column-wrapper-legacy\" style=\"background-position:left top;background-repeat:no-repeat;-webkit-background-size:cover;-moz-background-size:cover;-o-background-size:cover;background-size:cover;padding: 0px 0px 0px 0px;\"><span class=\" fusion-imageframe imageframe-none imageframe-1 hover-type-none\"><img decoding=\"async\" width=\"400\" height=\"299\" title=\"Wolfgang_Krischan_colour2-400&#215;299\" src=\"https:\/\/dev.krischan-gmbh.com\/wp-content\/uploads\/2018\/10\/Wolfgang_Krischan_colour2-400x299.jpg\" class=\"img-responsive wp-image-189\" srcset=\"https:\/\/krischan-gmbh.com\/wp-content\/uploads\/2018\/10\/Wolfgang_Krischan_colour2-400x299-200x150.jpg 200w, https:\/\/krischan-gmbh.com\/wp-content\/uploads\/2018\/10\/Wolfgang_Krischan_colour2-400x299.jpg 400w\" sizes=\"(max-width: 800px) 100vw, 400px\" \/><\/span><div class=\"fusion-text fusion-text-1\"><p><strong>WOLFGANG KRISCHAN<\/strong><\/p>\n<p>Gesch\u00e4ftsf\u00fchrer &amp; Kundenbetreuung &#8211; Angebote<\/p>\n<p>Direktkontakt:+49 (0)9077 9597 10<\/p>\n<p>E-Mail: info[at]krischan-gmbh.de<\/p>\n<\/div><div class=\"fusion-clearfix\"><\/div><\/div><\/div><div class=\"fusion-layout-column fusion_builder_column fusion-builder-column-1 fusion_builder_column_1_3 1_3 fusion-one-third\" style=\"width:33.333333333333%;width:calc(33.333333333333% - ( ( 4% + 4% ) * 0.33333333333333 ) );margin-right: 4%;margin-top:0px;margin-bottom:20px;\"><div class=\"fusion-column-wrapper fusion-flex-column-wrapper-legacy\" style=\"background-position:left top;background-repeat:no-repeat;-webkit-background-size:cover;-moz-background-size:cover;-o-background-size:cover;background-size:cover;padding: 0px 0px 0px 0px;\"><span class=\" fusion-imageframe imageframe-none imageframe-2 hover-type-none\"><img decoding=\"async\" width=\"400\" height=\"299\" title=\"Erich_Krischan_colour2-400&#215;299\" src=\"https:\/\/dev.krischan-gmbh.com\/wp-content\/uploads\/2018\/10\/Erich_Krischan_colour2-400x299.jpg\" class=\"img-responsive wp-image-184\" srcset=\"https:\/\/krischan-gmbh.com\/wp-content\/uploads\/2018\/10\/Erich_Krischan_colour2-400x299-200x150.jpg 200w, https:\/\/krischan-gmbh.com\/wp-content\/uploads\/2018\/10\/Erich_Krischan_colour2-400x299.jpg 400w\" sizes=\"(max-width: 800px) 100vw, 400px\" \/><\/span><div class=\"fusion-text fusion-text-2\"><p><strong>ERICH KRISCHAN<\/strong><\/p>\n<p>Gesch\u00e4ftsf\u00fchrer &amp; Leitung Mechanische Bearbeitung<\/p>\n<p>Direktkontakt: +49 (0)9077 9597 13\/18<\/p>\n<p>E-Mail:\u00a0erich.krischan[at]krischan-gmbh.de<\/p>\n<\/div><div class=\"fusion-clearfix\"><\/div><\/div><\/div><div class=\"fusion-layout-column fusion_builder_column fusion-builder-column-2 fusion_builder_column_1_3 1_3 fusion-one-third fusion-column-last\" style=\"width:33.333333333333%;width:calc(33.333333333333% - ( ( 4% + 4% ) * 0.33333333333333 ) );margin-top:0px;margin-bottom:20px;\"><div class=\"fusion-column-wrapper fusion-flex-column-wrapper-legacy\" style=\"background-position:left top;background-repeat:no-repeat;-webkit-background-size:cover;-moz-background-size:cover;-o-background-size:cover;background-size:cover;padding: 0px 0px 0px 0px;\"><span class=\" fusion-imageframe imageframe-none imageframe-3 hover-type-none\"><img decoding=\"async\" width=\"400\" height=\"299\" title=\"Juergen_Krischan_colour2-400&#215;299\" src=\"https:\/\/dev.krischan-gmbh.com\/wp-content\/uploads\/2018\/10\/Juergen_Krischan_colour2-400x299.jpg\" class=\"img-responsive wp-image-186\" srcset=\"https:\/\/krischan-gmbh.com\/wp-content\/uploads\/2018\/10\/Juergen_Krischan_colour2-400x299-200x150.jpg 200w, https:\/\/krischan-gmbh.com\/wp-content\/uploads\/2018\/10\/Juergen_Krischan_colour2-400x299.jpg 400w\" sizes=\"(max-width: 800px) 100vw, 400px\" \/><\/span><div class=\"fusion-text fusion-text-3\"><p><strong>J\u00dcRGEN KRISCHAN<\/strong><\/p>\n<p>Leitung Schlosserei &#8211; Stahl- und Sonderbau<\/p>\n<p>Direktkontakt: +49 (0)9077 9597 15<\/p>\n<p>E-Mail:\u00a0juergen.krischan[at]krischan-gmbh.de<\/p>\n<\/div><div class=\"fusion-clearfix\"><\/div><\/div><\/div><div class=\"fusion-layout-column fusion_builder_column fusion-builder-column-3 fusion_builder_column_1_3 1_3 fusion-one-third fusion-column-first\" style=\"width:33.333333333333%;width:calc(33.333333333333% - ( ( 4% ) * 0.33333333333333 ) );margin-right: 4%;margin-top:0px;margin-bottom:20px;\"><div class=\"fusion-column-wrapper fusion-flex-column-wrapper-legacy\" style=\"background-position:left top;background-repeat:no-repeat;-webkit-background-size:cover;-moz-background-size:cover;-o-background-size:cover;background-size:cover;padding: 0px 0px 0px 0px;\"><span class=\" fusion-imageframe imageframe-none imageframe-4 hover-type-none\"><img decoding=\"async\" width=\"400\" height=\"299\" title=\"Dominik_Weber_colour2-400&#215;299\" src=\"https:\/\/dev.krischan-gmbh.com\/wp-content\/uploads\/2018\/10\/Dominik_Weber_colour2-400x299.jpg\" class=\"img-responsive wp-image-183\" srcset=\"https:\/\/krischan-gmbh.com\/wp-content\/uploads\/2018\/10\/Dominik_Weber_colour2-400x299-200x150.jpg 200w, https:\/\/krischan-gmbh.com\/wp-content\/uploads\/2018\/10\/Dominik_Weber_colour2-400x299.jpg 400w\" sizes=\"(max-width: 800px) 100vw, 400px\" \/><\/span><div class=\"fusion-text fusion-text-4\"><p><strong>DOMINIK WEBER<\/strong><\/p>\n<p>Auftragsvorbereitung und Technische Konstruktion<\/p>\n<p>Direktkontakt: +49 (0)9077 9597 11<\/p>\n<p>E-Mail: dominik.weber[at]krischan-gmbh.de<\/p>\n<\/div><div class=\"fusion-clearfix\"><\/div><\/div><\/div><div class=\"fusion-layout-column fusion_builder_column fusion-builder-column-4 fusion_builder_column_1_3 1_3 fusion-one-third fusion-column-last\" style=\"width:33.333333333333%;width:calc(33.333333333333% - ( ( 4% ) * 0.33333333333333 ) );margin-top:0px;margin-bottom:20px;\"><div class=\"fusion-column-wrapper fusion-flex-column-wrapper-legacy\" style=\"background-position:left top;background-repeat:no-repeat;-webkit-background-size:cover;-moz-background-size:cover;-o-background-size:cover;background-size:cover;padding: 0px 0px 0px 0px;\"><span class=\" fusion-imageframe imageframe-none imageframe-5 hover-type-none\"><img decoding=\"async\" width=\"400\" height=\"299\" title=\"Harald_Brei_colour2-400&#215;299\" src=\"https:\/\/dev.krischan-gmbh.com\/wp-content\/uploads\/2018\/10\/Harald_Brei_colour2-400x299.jpg\" class=\"img-responsive wp-image-185\" srcset=\"https:\/\/krischan-gmbh.com\/wp-content\/uploads\/2018\/10\/Harald_Brei_colour2-400x299-200x150.jpg 200w, https:\/\/krischan-gmbh.com\/wp-content\/uploads\/2018\/10\/Harald_Brei_colour2-400x299.jpg 400w\" sizes=\"(max-width: 800px) 100vw, 400px\" \/><\/span><div class=\"fusion-text fusion-text-5\"><p><strong>HARALD BREI<\/strong><\/p>\n<p>Versand, Termin\u00fcberwachung &amp; Qualit\u00e4tssicherung<\/p>\n<p>Direktkontakt: +49 (0)9077 9597 29<\/p>\n<p>E-Mail:\u00a0harald.brei[at]krischan-gmbh.de<\/p>\n<\/div><div class=\"fusion-clearfix\"><\/div><\/div><\/div><\/div><\/div><div class=\"fusion-fullwidth fullwidth-box fusion-builder-row-2 nonhundred-percent-fullwidth non-hundred-percent-height-scrolling\" style=\"background-color: rgba(255,255,255,0);background-position: center center;background-repeat: no-repeat;padding-top:20px;padding-right:15%;padding-bottom:20px;padding-left:15%;margin-bottom: 0px;margin-top: 0px;border-width: 0px 0px 0px 0px;border-color:#eae9e9;border-style:solid;\" ><div class=\"fusion-builder-row fusion-row\"><div class=\"fusion-layout-column fusion_builder_column fusion-builder-column-5 fusion_builder_column_1_1 1_1 fusion-one-full fusion-column-first fusion-column-last\" style=\"margin-top:0px;margin-bottom:20px;\"><div class=\"fusion-column-wrapper fusion-flex-column-wrapper-legacy\" style=\"background-position:left top;background-repeat:no-repeat;-webkit-background-size:cover;-moz-background-size:cover;-o-background-size:cover;background-size:cover;padding: 0px 0px 0px 0px;\"><div class=\"fusion-text fusion-text-6\"><h3>EXPANSION<\/h3>\n<p>Kommen Sie ins Team!<\/p>\n<p>Senden Sie uns Ihre Bewerbung an: Bewerbung[at]krischan-gmbh.de<\/p>\n<\/div><div class=\"fusion-clearfix\"><\/div><\/div><\/div><\/div><\/div><div class=\"fusion-fullwidth fullwidth-box fusion-builder-row-3 nonhundred-percent-fullwidth non-hundred-percent-height-scrolling\" style=\"background-color: rgba(255,255,255,0);background-position: center center;background-repeat: no-repeat;padding-top:20px;padding-right:15%;padding-bottom:20px;padding-left:15%;margin-bottom: 0px;margin-top: 0px;border-width: 0px 0px 0px 0px;border-color:#eae9e9;border-style:solid;\" ><div class=\"fusion-builder-row fusion-row\"><div class=\"fusion-layout-column fusion_builder_column fusion-builder-column-6 fusion_builder_column_1_2 1_2 fusion-one-half fusion-column-first\" style=\"width:50%;width:calc(50% - ( ( 4% ) * 0.5 ) );margin-right: 4%;margin-top:0px;margin-bottom:20px;\"><div class=\"fusion-column-wrapper fusion-flex-column-wrapper-legacy\" style=\"background-position:left top;background-repeat:no-repeat;-webkit-background-size:cover;-moz-background-size:cover;-o-background-size:cover;background-size:cover;padding: 0px 0px 0px 0px;\"><div class=\"imageframe-align-center\"><span class=\" fusion-imageframe imageframe-none imageframe-6 hover-type-none\"><img decoding=\"async\" width=\"800\" height=\"600\" title=\"Teaser-Expansion\" src=\"https:\/\/dev.krischan-gmbh.com\/wp-content\/uploads\/2018\/10\/Teaser-Expansion.jpg\" class=\"img-responsive wp-image-188\" srcset=\"https:\/\/krischan-gmbh.com\/wp-content\/uploads\/2018\/10\/Teaser-Expansion-200x150.jpg 200w, https:\/\/krischan-gmbh.com\/wp-content\/uploads\/2018\/10\/Teaser-Expansion-400x300.jpg 400w, https:\/\/krischan-gmbh.com\/wp-content\/uploads\/2018\/10\/Teaser-Expansion-600x450.jpg 600w, https:\/\/krischan-gmbh.com\/wp-content\/uploads\/2018\/10\/Teaser-Expansion.jpg 800w\" sizes=\"(max-width: 800px) 100vw, 800px\" \/><\/span><\/div><div class=\"fusion-clearfix\"><\/div><\/div><\/div><div class=\"fusion-layout-column fusion_builder_column fusion-builder-column-7 fusion_builder_column_1_2 1_2 fusion-one-half fusion-column-last\" style=\"width:50%;width:calc(50% - ( ( 4% ) * 0.5 ) );margin-top:0px;margin-bottom:20px;\"><div class=\"fusion-column-wrapper fusion-flex-column-wrapper-legacy\" style=\"background-position:left top;background-repeat:no-repeat;-webkit-background-size:cover;-moz-background-size:cover;-o-background-size:cover;background-size:cover;padding: 0px 0px 0px 0px;\"><div class=\"fusion-text fusion-text-7\"><p>Seit 1989 bleiben wir als Familienunternehmen unabh\u00e4ngig und planen unsere Aktivit\u00e4ten langfristig sowie nachhaltig. Bei uns z\u00e4hlen Teamgeist, Innovationskraft und Technikbegeisterung. Sie sind die Triebfedern unseres Erfolgs. Unser Unternehmen ist seit der Gr\u00fcndung auf Expansion ausgerichtet. Durch st\u00e4ndige Investitionen und der kontinuierlichen Erweiterung der Gesch\u00e4ftsfelder ist ein gleichm\u00e4\u00dfiges Wachstum garantiert.<\/p>\n<p>M\u00f6chtest du etwas bewegen? Dann komm zu uns. Wir bieten beste Voraussetzungen f\u00fcr Deine berufliche und pers\u00f6nliche Entwicklung: Ein positives Arbeitsklima, in dem Du Deine Chance von Anfang an ergreifen kannst, und die Mitarbeit in einem international ausgerichteten Unternehmen mit starkem Wachstum.<\/p>\n<\/div><div class=\"fusion-clearfix\"><\/div><\/div><\/div><\/div><\/div><div class=\"fusion-fullwidth fullwidth-box fusion-builder-row-4 nonhundred-percent-fullwidth non-hundred-percent-height-scrolling\" style=\"background-color: rgba(255,255,255,0);background-position: center center;background-repeat: no-repeat;padding-top:20px;padding-right:15%;padding-bottom:20px;padding-left:15%;margin-bottom: 0px;margin-top: 0px;border-width: 0px 0px 0px 0px;border-color:#eae9e9;border-style:solid;\" ><div class=\"fusion-builder-row fusion-row\"><div class=\"fusion-layout-column fusion_builder_column fusion-builder-column-8 fusion_builder_column_1_2 1_2 fusion-one-half fusion-column-first\" style=\"width:50%;width:calc(50% - ( ( 4% ) * 0.5 ) );margin-right: 4%;margin-top:0px;margin-bottom:20px;\"><div class=\"fusion-column-wrapper fusion-flex-column-wrapper-legacy\" style=\"background-position:left top;background-repeat:no-repeat;-webkit-background-size:cover;-moz-background-size:cover;-o-background-size:cover;background-size:cover;padding: 0px 0px 0px 0px;\"><div class=\"fusion-text fusion-text-8\"><p><strong>Sie haben Interesse an unserer Firma? Wir suchen Zerspanungsmechaniker, Schlosser und Schlossergehilfen! Bewerben Sie sich initiativ mit einer kurzen Nachricht! Wir setzten uns bei Bedarf mit Ihnen in Verbindung.<\/strong><\/p>\n<p>E-Mail: info@krischan-gmbh.de<\/p>\n<p>Ihre Anfrage wird verschl\u00fcsselt per https an unseren Server geschickt. Sie erkl\u00e4ren sich damit einverstanden, dass wir die Angaben zur Beantwortung Ihrer Anfrage verwenden d\u00fcrfen. Hier finden Sie unsere <a href=\"https:\/\/krischan-gmbh.com\/datenschutzerklaerung\/\">Datenschutzerkl\u00e4rung<\/a><\/p>\n<\/div><div class=\"fusion-clearfix\"><\/div><\/div><\/div><div class=\"fusion-layout-column fusion_builder_column fusion-builder-column-9 fusion_builder_column_1_2 1_2 fusion-one-half fusion-column-last\" style=\"width:50%;width:calc(50% - ( ( 4% ) * 0.5 ) );margin-top:0px;margin-bottom:20px;\"><div class=\"fusion-column-wrapper fusion-flex-column-wrapper-legacy\" style=\"background-position:left top;background-repeat:no-repeat;-webkit-background-size:cover;-moz-background-size:cover;-o-background-size:cover;background-size:cover;padding: 0px 0px 0px 0px;\"><div class=\"fusion-text fusion-text-9\"><p><strong>Wer wir sind:<\/strong><\/p>\n<p>Die Firma Krischan GmbH t\u00e4tig in der Metall-Branche seit 1989. Angefangen als GbR haben wir im Jahr 1992 zur GmbH umfirmiert.<\/p>\n<p>Wir sind spezialisiert in der Entwicklung, Konstruktion und Fertigung von mechanischen Teilen im Maschinenbau sowie im Stahlbau.<\/p>\n<p><strong>Was wir bieten:<\/strong><\/p>\n<\/div><ul class=\"fusion-checklist fusion-checklist-1\" style=\"font-size:16px;line-height:27.2px;\"><li class=\"fusion-li-item\"><span style=\"background-color:#ffffff;font-size:14.08px;height:27.2px;width:27.2px;margin-right:11.2px;\" class=\"icon-wrapper circle-yes\"><i class=\"fusion-li-icon fa-check fas\" style=\"color:#8bc34a;\" aria-hidden=\"true\"><\/i><\/span><div class=\"fusion-li-item-content\" style=\"margin-left:38.4px;\">\n<p>Zukunftssicheren Arbeitsplatz<\/p>\n<\/div><\/li><li class=\"fusion-li-item\"><span style=\"background-color:#ffffff;font-size:14.08px;height:27.2px;width:27.2px;margin-right:11.2px;\" class=\"icon-wrapper circle-yes\"><i class=\"fusion-li-icon fa-check fas\" style=\"color:#8bc34a;\" aria-hidden=\"true\"><\/i><\/span><div class=\"fusion-li-item-content\" style=\"margin-left:38.4px;\">Freundliches &amp; motiviertes Team<\/div><\/li><li class=\"fusion-li-item\"><span style=\"background-color:#ffffff;font-size:14.08px;height:27.2px;width:27.2px;margin-right:11.2px;\" class=\"icon-wrapper circle-yes\"><i class=\"fusion-li-icon fa-check fas\" style=\"color:#8bc34a;\" aria-hidden=\"true\"><\/i><\/span><div class=\"fusion-li-item-content\" style=\"margin-left:38.4px;\">\n<p>Moderne Betriebsmittel<\/p>\n<\/div><\/li><li class=\"fusion-li-item\"><span style=\"background-color:#ffffff;font-size:14.08px;height:27.2px;width:27.2px;margin-right:11.2px;\" class=\"icon-wrapper circle-yes\"><i class=\"fusion-li-icon fa-check fas\" style=\"color:#8bc34a;\" aria-hidden=\"true\"><\/i><\/span><div class=\"fusion-li-item-content\" style=\"margin-left:38.4px;\">Leistungsgerechte Verg\u00fctung<\/div><\/li><li class=\"fusion-li-item\"><span style=\"background-color:#ffffff;font-size:14.08px;height:27.2px;width:27.2px;margin-right:11.2px;\" class=\"icon-wrapper circle-yes\"><i class=\"fusion-li-icon fa-check fas\" style=\"color:#8bc34a;\" aria-hidden=\"true\"><\/i><\/span><div class=\"fusion-li-item-content\" style=\"margin-left:38.4px;\">Entwicklungsm\u00f6glichkeiten<\/div><\/li><li class=\"fusion-li-item\"><span style=\"background-color:#ffffff;font-size:14.08px;height:27.2px;width:27.2px;margin-right:11.2px;\" class=\"icon-wrapper circle-yes\"><i class=\"fusion-li-icon fa-check fas\" style=\"color:#8bc34a;\" aria-hidden=\"true\"><\/i><\/span><div class=\"fusion-li-item-content\" style=\"margin-left:38.4px;\">Eigenverantwortung<\/div><\/li><\/ul><div class=\"fusion-clearfix\"><\/div><\/div><\/div><\/div><\/div><\/p>\n","protected":false},"excerpt":{"rendered":"","protected":false},"author":2,"featured_media":0,"parent":0,"menu_order":0,"comment_status":"closed","ping_status":"closed","template":"","meta":{"footnotes":""},"class_list":["post-23","page","type-page","status-publish","hentry"],"yoast_head":"<!-- This site is optimized with the Yoast SEO plugin v27.4 - https:\/\/yoast.com\/product\/yoast-seo-wordpress\/ -->\n<title>Team - Krischan GmbH<\/title>\n<meta name=\"robots\" content=\"index, follow, max-snippet:-1, max-image-preview:large, max-video-preview:-1\" \/>\n<link rel=\"canonical\" href=\"https:\/\/krischan-gmbh.com\/en\/team\/\" \/>\n<meta property=\"og:locale\" content=\"en_US\" \/>\n<meta property=\"og:type\" content=\"article\" \/>\n<meta property=\"og:title\" content=\"Team - Krischan GmbH\" \/>\n<meta property=\"og:url\" content=\"https:\/\/krischan-gmbh.com\/en\/team\/\" \/>\n<meta property=\"og:site_name\" content=\"Krischan GmbH\" \/>\n<meta property=\"article:modified_time\" content=\"2025-09-16T13:52:30+00:00\" \/>\n<meta name=\"twitter:card\" content=\"summary_large_image\" \/>\n<meta name=\"twitter:label1\" content=\"Est. reading time\" \/>\n\t<meta name=\"twitter:data1\" content=\"6 minutes\" \/>\n<script type=\"application\/ld+json\" class=\"yoast-schema-graph\">{\"@context\":\"https:\\\/\\\/schema.org\",\"@graph\":[{\"@type\":\"WebPage\",\"@id\":\"https:\\\/\\\/krischan-gmbh.com\\\/team\\\/\",\"url\":\"https:\\\/\\\/krischan-gmbh.com\\\/team\\\/\",\"name\":\"Team - Krischan GmbH\",\"isPartOf\":{\"@id\":\"https:\\\/\\\/krischan-gmbh.com\\\/#website\"},\"datePublished\":\"2018-10-19T13:25:45+00:00\",\"dateModified\":\"2025-09-16T13:52:30+00:00\",\"breadcrumb\":{\"@id\":\"https:\\\/\\\/krischan-gmbh.com\\\/team\\\/#breadcrumb\"},\"inLanguage\":\"en-US\",\"potentialAction\":[{\"@type\":\"ReadAction\",\"target\":[\"https:\\\/\\\/krischan-gmbh.com\\\/team\\\/\"]}]},{\"@type\":\"BreadcrumbList\",\"@id\":\"https:\\\/\\\/krischan-gmbh.com\\\/team\\\/#breadcrumb\",\"itemListElement\":[{\"@type\":\"ListItem\",\"position\":1,\"name\":\"Start\",\"item\":\"https:\\\/\\\/krischan-gmbh.com\\\/\"},{\"@type\":\"ListItem\",\"position\":2,\"name\":\"Team\"}]},{\"@type\":\"WebSite\",\"@id\":\"https:\\\/\\\/krischan-gmbh.com\\\/#website\",\"url\":\"https:\\\/\\\/krischan-gmbh.com\\\/\",\"name\":\"Krischan GmbH\",\"description\":\"Ihr starker Partner.\",\"potentialAction\":[{\"@type\":\"SearchAction\",\"target\":{\"@type\":\"EntryPoint\",\"urlTemplate\":\"https:\\\/\\\/krischan-gmbh.com\\\/?s={search_term_string}\"},\"query-input\":{\"@type\":\"PropertyValueSpecification\",\"valueRequired\":true,\"valueName\":\"search_term_string\"}}],\"inLanguage\":\"en-US\"}]}<\/script>\n<!-- \/ Yoast SEO plugin. -->","yoast_head_json":{"title":"Team - Krischan GmbH","robots":{"index":"index","follow":"follow","max-snippet":"max-snippet:-1","max-image-preview":"max-image-preview:large","max-video-preview":"max-video-preview:-1"},"canonical":"https:\/\/krischan-gmbh.com\/en\/team\/","og_locale":"en_US","og_type":"article","og_title":"Team - Krischan GmbH","og_url":"https:\/\/krischan-gmbh.com\/en\/team\/","og_site_name":"Krischan GmbH","article_modified_time":"2025-09-16T13:52:30+00:00","twitter_card":"summary_large_image","twitter_misc":{"Est. reading time":"6 minutes"},"schema":{"@context":"https:\/\/schema.org","@graph":[{"@type":"WebPage","@id":"https:\/\/krischan-gmbh.com\/team\/","url":"https:\/\/krischan-gmbh.com\/team\/","name":"Team - Krischan GmbH","isPartOf":{"@id":"https:\/\/krischan-gmbh.com\/#website"},"datePublished":"2018-10-19T13:25:45+00:00","dateModified":"2025-09-16T13:52:30+00:00","breadcrumb":{"@id":"https:\/\/krischan-gmbh.com\/team\/#breadcrumb"},"inLanguage":"en-US","potentialAction":[{"@type":"ReadAction","target":["https:\/\/krischan-gmbh.com\/team\/"]}]},{"@type":"BreadcrumbList","@id":"https:\/\/krischan-gmbh.com\/team\/#breadcrumb","itemListElement":[{"@type":"ListItem","position":1,"name":"Start","item":"https:\/\/krischan-gmbh.com\/"},{"@type":"ListItem","position":2,"name":"Team"}]},{"@type":"WebSite","@id":"https:\/\/krischan-gmbh.com\/#website","url":"https:\/\/krischan-gmbh.com\/","name":"Krischan GmbH","description":"Ihr starker Partner.","potentialAction":[{"@type":"SearchAction","target":{"@type":"EntryPoint","urlTemplate":"https:\/\/krischan-gmbh.com\/?s={search_term_string}"},"query-input":{"@type":"PropertyValueSpecification","valueRequired":true,"valueName":"search_term_string"}}],"inLanguage":"en-US"}]}},"jetpack_sharing_enabled":true,"_links":{"self":[{"href":"https:\/\/krischan-gmbh.com\/en\/wp-json\/wp\/v2\/pages\/23","targetHints":{"allow":["GET"]}}],"collection":[{"href":"https:\/\/krischan-gmbh.com\/en\/wp-json\/wp\/v2\/pages"}],"about":[{"href":"https:\/\/krischan-gmbh.com\/en\/wp-json\/wp\/v2\/types\/page"}],"author":[{"embeddable":true,"href":"https:\/\/krischan-gmbh.com\/en\/wp-json\/wp\/v2\/users\/2"}],"replies":[{"embeddable":true,"href":"https:\/\/krischan-gmbh.com\/en\/wp-json\/wp\/v2\/comments?post=23"}],"version-history":[{"count":3,"href":"https:\/\/krischan-gmbh.com\/en\/wp-json\/wp\/v2\/pages\/23\/revisions"}],"predecessor-version":[{"id":599,"href":"https:\/\/krischan-gmbh.com\/en\/wp-json\/wp\/v2\/pages\/23\/revisions\/599"}],"wp:attachment":[{"href":"https:\/\/krischan-gmbh.com\/en\/wp-json\/wp\/v2\/media?parent=23"}],"curies":[{"name":"wp","href":"https:\/\/api.w.org\/{rel}","templated":true}]}}