{"id":3,"date":"2018-10-19T14:39:02","date_gmt":"2018-10-19T12:39:02","guid":{"rendered":"http:\/\/dev.krischan-gmbh.com\/?page_id=3"},"modified":"2020-10-28T14:28:12","modified_gmt":"2020-10-28T13:28:12","slug":"datenschutzerklaerung","status":"publish","type":"page","link":"https:\/\/krischan-gmbh.com\/en\/datenschutzerklaerung\/","title":{"rendered":"Privacy Policy"},"content":{"rendered":"<div class=\"fusion-fullwidth fullwidth-box fusion-builder-row-1 nonhundred-percent-fullwidth non-hundred-percent-height-scrolling\" style=\"background-color: rgba(255,255,255,0);background-position: center center;background-repeat: no-repeat;padding-top:20px;padding-right:15%;padding-bottom:20px;padding-left:15%;margin-bottom: 0px;margin-top: 0px;border-width: 0px 0px 0px 0px;border-color:#eae9e9;border-style:solid;\" ><div class=\"fusion-builder-row fusion-row\"><div class=\"fusion-layout-column fusion_builder_column fusion-builder-column-0 fusion_builder_column_1_1 1_1 fusion-one-full fusion-column-first fusion-column-last\" style=\"margin-top:0px;margin-bottom:20px;\"><div class=\"fusion-column-wrapper fusion-flex-column-wrapper-legacy\" style=\"background-position:left top;background-repeat:no-repeat;-webkit-background-size:cover;-moz-background-size:cover;-o-background-size:cover;background-size:cover;padding: 0px 0px 0px 0px;\"><span style=\"font-size:22px;\"><strong>Privacy Policy<\/strong><\/span><br \/>\n<br \/>\n<span style=\"font-size:14px;\">Soweit nachstehend keine anderen Angaben gemacht werden, ist die Bereitstellung Ihrer personenbezogenen Daten weder gesetzlich oder vertraglich vorgeschrieben, noch f\u00fcr einen Vertragsabschluss erforderlich. Sie sind zur Bereitstellung der Daten nicht verpflichtet. Eine Nichtbereitstellung hat keine Folgen. Dies gilt nur soweit bei den nachfolgenden Verarbeitungsvorg\u00e4ngen keine anderweitige Angabe gemacht wird.<br \/>\n\"Personenbezogene Daten\" sind alle Informationen, die sich auf eine identifizierte oder identifizierbare nat\u00fcrliche Person beziehen.<\/span><br \/>\n<br \/>\n<div>\n\t<strong><span style=\"font-size:14px;\">Server-Logfiles<\/span><\/strong><\/div>\n<div>\n\t<span style=\"font-size:14px;\">Sie k\u00f6nnen unsere Webseiten besuchen, ohne Angaben zu Ihrer Person zu machen.\u00a0<\/span><\/div>\n<div>\n\t<span style=\"font-size:14px;\">Bei jedem Zugriff auf unsere Website werden an uns oder unseren Webhoster \/ IT-Dienstleister Nutzungsdaten durch Ihren Internet Browser \u00fcbermittelt und in Protokolldaten (sog. Server-Logfiles) gespeichert. Zu diesen gespeicherten Daten geh\u00f6ren z.B. der Name der aufgerufenen Seite, Datum und Uhrzeit des Abrufs, die IP-Adresse, die \u00fcbertragene Datenmenge und der anfragende Provider. Die Verarbeitung erfolgt auf Grundlage des Art. 6 Abs. 1 lit. f DSGVO aus unserem \u00fcberwiegenden berechtigten Interesse an der Gew\u00e4hrleistung eines st\u00f6rungsfreien Betriebs unserer Website sowie zur Verbesserung unseres Angebotes.\u00a0<\/span><br \/>\n\t\u00a0<\/div>\n<span style=\"font-size:14px;\">Ihre Daten werden dabei gegebenenfalls in Drittstaaten au\u00dferhalb der Europ\u00e4ischen Union \u00fcbermittelt, f\u00fcr die ein Angemessenheitsbeschluss der EU-Kommision vorliegt. Soweit kein Angemessenheitsbeschluss der EU-Kommmision vorliegt, wie bspw. f\u00fcr \u00dcbermittlungen in die USA, werden die Daten\u00fcbermittlungen u.a. auf Standardvertragsklauseln als geeignete Garantien f\u00fcr den Schutz der personenbezogenen Daten gest\u00fctzt, einsehbar unter: <a href=\"https:\/\/ec.europa.eu\/info\/law\/law-topic\/data-protection\/international-dimension-data-protection\/standard-contractual-clauses-scc_de\" target=\"_blank\">https:\/\/ec.europa.eu\/info\/law\/law-topic\/data-protection\/international-dimension-data-protection\/standard-contractual-clauses-scc_de<\/a><\/span><br \/>\n<br \/>\n<span style=\"font-size:20px;\"><em><strong>Contact<\/strong><\/em><\/span><br \/>\n<br \/>\n<span style=\"font-size:14px;\"><strong>Verantwortlicher<\/strong><\/span><strong><span style=\"font-size:14px;\"><\/span><\/strong><br \/>\n<span style=\"font-size:14px;\">Kontaktieren Sie uns auf Wunsch. Die Kontaktdaten des f\u00fcr die Datenverarbeitung Verantwortlichen finden Sie in unserem Impressum.<\/span><br \/>\n<br \/>\n<p dir=\"ltr\">\n\t<span style=\"font-size:14px;\"><strong>Initiativ-Kontaktaufnahme des Kunden per E-Mail<\/strong><br \/>\n\tWenn Sie per E-Mail initiativ mit uns in Gesch\u00e4ftskontakt treten, erheben wir Ihre personenbezogenen Daten (Name, E-Mail-Adresse, Nachrichtentext) nur in dem von Ihnen zur Verf\u00fcgung gestellten Umfang. Die Datenverarbeitung dient der Bearbeitung und Beantwortung Ihrer Kontaktanfrage.<br \/>\n\tWenn die Kontaktaufnahme der Durchf\u00fchrung vorvertraglichen Ma\u00dfnahmen (bspw. Beratung bei Kaufinteresse, Angebotserstellung) dient oder einen bereits zwischen Ihnen und uns geschlossenen Vertrag betrifft, erfolgt diese Datenverarbeitung auf Grundlage des Art. 6 Abs. 1 lit. b DSGVO.<br \/>\n\tErfolgt die Kontaktaufnahme aus anderen Gr\u00fcnden erfolgt diese Datenverarbeitung auf Grundlage des Art. 6 Abs. 1 lit. f DSGVO aus unserem \u00fcberwiegenden berechtigten Interesse an der Bearbeitung und Beantwortung Ihrer Anfrage. <em><strong>In diesem Fall haben Sie das Recht, aus Gr\u00fcnden, die sich aus Ihrer besonderen Situation ergeben, jederzeit dieser auf Art. 6 Abs. 1 lit. f DSGVO beruhenden Verarbeitungen Sie betreffender personenbezogener Daten zu widersprechen.<\/strong><\/em><br \/>\n\tIhre E-Mail-Adresse nutzen wir nur zur Bearbeitung Ihrer Anfrage. Ihre Daten werden anschlie\u00dfend unter Beachtung gesetzlicher Aufbewahrungsfristen gel\u00f6scht, sofern Sie der weitergehenden Verarbeitung und Nutzung nicht zugestimmt haben.<\/span><br \/>\n\t\u00a0<\/p>\n<br \/>\n<span style=\"font-size:20px;\"><em><strong>Kundenkonto\u00a0\u00a0\u00a0\u00a0\u00a0\u00a0Bestellungen\u00a0\u00a0\u00a0\u00a0\u00a0\u00a0<\/strong><\/em><\/span><br \/>\n<br \/>\n<span style=\"font-size:14px;\"><strong>Kundenkonto<\/strong><br \/>\nBei der Er\u00f6ffnung eines Kundenkontos erheben wir Ihre personenbezogenen Daten in dem dort angegebenen Umfang. Die Datenverarbeitung dient dem Zweck, Ihr Einkaufserlebnis zu verbessern und die Bestellabwicklung zu vereinfachen. Die Verarbeitung erfolgt auf Grundlage des Art. 6 Abs. 1 lit. a DSGVO mit Ihrer Einwilligung. Sie k\u00f6nnen Ihre Einwilligung jederzeit durch Mitteilung an uns widerrufen, ohne dass die Rechtm\u00e4\u00dfigkeit der aufgrund der Einwilligung bis zum Widerruf erfolgten Verarbeitung ber\u00fchrt wird. Ihr Kundenkonto wird anschlie\u00dfend gel\u00f6scht.<\/span><br \/>\n<br \/>\n<div>\n\t<strong><span style=\"font-size:14px;\">Erhebung, Verarbeitung und Weitergabe personenbezogener Daten bei Bestellungen<\/span><\/strong><\/div>\n<div>\n\t<span style=\"font-size:14px;\">Bei der Bestellung erheben und verarbeiten wir Ihre personenbezogenen Daten nur, soweit dies zur Erf\u00fcllung und Abwicklung Ihrer Bestellung sowie zur Bearbeitung Ihrer Anfragen erforderlich ist. Die Bereitstellung der Daten ist f\u00fcr den Vertragsschluss erforderlich. Eine Nichtbereitstellung hat zur Folge, dass kein Vertrag geschlossen werden kann. Die Verarbeitung erfolgt auf Grundlage des Art. 6 Abs. 1 lit. b DSGVO und ist f\u00fcr die Erf\u00fcllung eines Vertrags mit Ihnen erforderlich.\u00a0<\/span><\/div>\n<div>\n\t<span style=\"font-size:14px;\">Eine Weitergabe Ihrer Daten erfolgt dabei beispielsweise an die von Ihnen gew\u00e4hlten Versandunternehmen und Dropshipping Anbieter, Zahlungsdienstleister, Diensteanbieter f\u00fcr die Bestellabwicklung und IT-Dienstleister. In allen F\u00e4llen beachten wir strikt die gesetzlichen Vorgaben. Der Umfang der Daten\u00fcbermittlung beschr\u00e4nkt sich auf ein Mindestma\u00df.<\/span><br \/>\n\t\u00a0<\/div>\n<span style=\"font-size:14px;\">Ihre Daten werden dabei gegebenenfalls Drittstaaten au\u00dferhalb der Europ\u00e4ischen Union \u00fcbermittelt, f\u00fcr die ein Angemessenheitsbeschluss der EU-Kommision vorliegt. Soweit kein Angemessenheitsbeschluss der EU-Kommmision vorliegt, wie bspw. f\u00fcr \u00dcbermittlungen in die USA, werden die Daten\u00fcbermittlungen u.a. auf Standardvertragsklauseln als geeignete Garantien f\u00fcr den Schutz der personenbezogenen Daten gest\u00fctzt, einsehbar unter: <a href=\"https:\/\/ec.europa.eu\/info\/law\/law-topic\/data-protection\/international-dimension-data-protection\/standard-contractual-clauses-scc_de\" target=\"_blank\">https:\/\/ec.europa.eu\/info\/law\/law-topic\/data-protection\/international-dimension-data-protection\/standard-contractual-clauses-scc_de<\/a><\/span><br \/>\n<br \/>\n<br \/>\n<span style=\"font-size:20px;\"><strong><em><\/em><\/strong><\/span><span style=\"font-size:20px;\"><strong><em> Bewertungen\u00a0\u00a0\u00a0\u00a0\u00a0\u00a0<\/em><\/strong><\/span><span style=\"font-size:20px;\"><strong><em><\/em><\/strong><\/span><br \/>\n<br \/>\n<span style=\"font-size:14px;\"><strong>Datenerhebung bei Verfassung eines Kommentars<\/strong><br \/>\nBei der Kommentierung eines Artikels oder eines Beitrages erheben wir Ihre personenbezogenen Daten (Name, E-Mail-Adresse, Kommentartext) nur in dem von Ihnen zur Verf\u00fcgung gestellten Umfang. Die Verarbeitung dient dem Zweck, eine Kommentierung zu erm\u00f6glichen und Kommentare anzuzeigen. Mit Absenden des Kommentars willigen Sie in die Verarbeitung der \u00fcbermittelten Daten ein. Die Verarbeitung erfolgt auf Grundlage des Art. 6 Abs. 1 lit. a DSGVO mit Ihrer Einwilligung. Sie k\u00f6nnen die Einwilligung jederzeit durch Mitteilung an uns widerrufen, ohne dass die Rechtm\u00e4\u00dfigkeit der aufgrund der Einwilligung bis zum Widerruf erfolgten Verarbeitung ber\u00fchrt wird. Ihre personenbezogenen Daten werden anschlie\u00dfend gel\u00f6scht.<\/span><br \/>\n<br \/>\n<span style=\"font-size:14px;\">Bei Ver\u00f6ffentlichung Ihres Kommentars wird\u00a0<\/span><span style=\"font-size:14px;\">der von Ihnen angegebene Name und die von Ihnen mitgeteilte E-Mail-Adresse <\/span><span style=\"font-size:14px;\">ver\u00f6ffentlicht.<\/span><br \/>\n<br \/>\n<br \/>\n<span style=\"font-size:20px;\"><strong><em>Betroffenenrechte und Speicherdauer<\/em><\/strong><\/span><br \/>\n<br \/>\n<span style=\"font-size:14px;\"><strong>Dauer der Speicherung<\/strong><br \/>\nNach vollst\u00e4ndiger Vertragsabwicklung werden die Daten zun\u00e4chst f\u00fcr die Dauer der Gew\u00e4hrleistungsfrist, danach unter Ber\u00fccksichtigung gesetzlicher, insbesondere steuer- und handelsrechtlicher Aufbewahrungsfristen gespeichert und dann nach Fristablauf gel\u00f6scht, sofern Sie der weitergehenden Verarbeitung und Nutzung nicht zugestimmt haben.<\/span><br \/>\n<br \/>\n<span style=\"font-size:14px;\"><strong>Rechte der betroffenen Person<\/strong><br \/>\nIhnen stehen bei Vorliegen der gesetzlichen Voraussetzungen folgende Rechte nach Art. 15 bis 20 DSGVO zu: Recht auf Auskunft, auf Berichtigung, auf L\u00f6schung, auf Einschr\u00e4nkung der Verarbeitung, auf Daten\u00fcbertragbarkeit.<br \/>\nAu\u00dferdem steht Ihnen nach Art. 21 Abs. 1 DSGVO ein Widerspruchsrecht gegen die Verarbeitungen zu, die auf Art. 6 Abs. 1 f DSGVO beruhen, sowie gegen die Verarbeitung zum Zwecke von Direktwerbung.<\/span><br \/>\n<br \/>\n<span style=\"font-size:14px;\"><strong>Beschwerderecht bei der Aufsichtsbeh\u00f6rde<\/strong><br \/>\nSie haben gem\u00e4\u00df Art. 77 DSGVO das Recht, sich bei der Aufsichtsbeh\u00f6rde zu beschweren, wenn Sie der Ansicht sind, dass die Verarbeitung Ihrer personenbezogenen Daten nicht rechtm\u00e4\u00dfig erfolgt.<\/span><br \/>\n<br \/>\n<span style=\"font-size:14px;\"><strong>Widerspruchsrecht<\/strong><br \/>\nBeruhen die hier aufgef\u00fchrten personenbezogenen Datenverarbeitungen auf Grundlage unseres berechtigten Interesses nach Art. 6 Abs. 1 lit. f DSGVO, haben Sie das Recht aus Gr\u00fcnden, die sich aus Ihrer besonderen Situation ergeben, jederzeit diesen Verarbeitungen mit Wirkung f\u00fcr die Zukunft zu widersprechen.<br \/>\nNach erfolgtem Widerspruch wird die Verarbeitung der betroffenen Daten beendet, es sei denn, wir k\u00f6nnen zwingende schutzw\u00fcrdige Gr\u00fcnde f\u00fcr die Verarbeitung nachweisen, die Ihren Interessen, Rechten und Freiheiten \u00fcberwiegen, oder wenn die Verarbeitung der Geltendmachung, Aus\u00fcbung oder Verteidigung von Rechtsanspr\u00fcchen dient.<\/span><br \/>\n<br \/>\n<span style=\"font-size:14px;\">letzte Aktualisierung: 27.10.2020<\/span><br \/>\n<br \/><div class=\"fusion-clearfix\"><\/div><\/div><\/div><\/div><\/div>","protected":false},"excerpt":{"rendered":"","protected":false},"author":2,"featured_media":0,"parent":0,"menu_order":0,"comment_status":"closed","ping_status":"open","template":"","meta":{"footnotes":""},"class_list":["post-3","page","type-page","status-publish","hentry"],"yoast_head":"<!-- This site is optimized with the Yoast SEO plugin v27.4 - https:\/\/yoast.com\/product\/yoast-seo-wordpress\/ -->\n<title>Datenschutzerkl\u00e4rung - Krischan GmbH<\/title>\n<meta name=\"robots\" content=\"index, follow, max-snippet:-1, max-image-preview:large, max-video-preview:-1\" \/>\n<link rel=\"canonical\" href=\"https:\/\/krischan-gmbh.com\/en\/datenschutzerklaerung\/\" \/>\n<meta property=\"og:locale\" content=\"en_US\" \/>\n<meta property=\"og:type\" content=\"article\" \/>\n<meta property=\"og:title\" content=\"Datenschutzerkl\u00e4rung - Krischan GmbH\" \/>\n<meta property=\"og:url\" content=\"https:\/\/krischan-gmbh.com\/en\/datenschutzerklaerung\/\" \/>\n<meta property=\"og:site_name\" content=\"Krischan GmbH\" \/>\n<meta property=\"article:modified_time\" content=\"2020-10-28T13:28:12+00:00\" \/>\n<meta name=\"twitter:card\" content=\"summary_large_image\" \/>\n<meta name=\"twitter:label1\" content=\"Est. reading time\" \/>\n\t<meta name=\"twitter:data1\" content=\"10 minutes\" \/>\n<script type=\"application\/ld+json\" class=\"yoast-schema-graph\">{\"@context\":\"https:\\\/\\\/schema.org\",\"@graph\":[{\"@type\":\"WebPage\",\"@id\":\"https:\\\/\\\/krischan-gmbh.com\\\/datenschutzerklaerung\\\/\",\"url\":\"https:\\\/\\\/krischan-gmbh.com\\\/datenschutzerklaerung\\\/\",\"name\":\"Datenschutzerkl\u00e4rung - Krischan GmbH\",\"isPartOf\":{\"@id\":\"https:\\\/\\\/krischan-gmbh.com\\\/#website\"},\"datePublished\":\"2018-10-19T12:39:02+00:00\",\"dateModified\":\"2020-10-28T13:28:12+00:00\",\"breadcrumb\":{\"@id\":\"https:\\\/\\\/krischan-gmbh.com\\\/datenschutzerklaerung\\\/#breadcrumb\"},\"inLanguage\":\"en-US\",\"potentialAction\":[{\"@type\":\"ReadAction\",\"target\":[\"https:\\\/\\\/krischan-gmbh.com\\\/datenschutzerklaerung\\\/\"]}]},{\"@type\":\"BreadcrumbList\",\"@id\":\"https:\\\/\\\/krischan-gmbh.com\\\/datenschutzerklaerung\\\/#breadcrumb\",\"itemListElement\":[{\"@type\":\"ListItem\",\"position\":1,\"name\":\"Start\",\"item\":\"https:\\\/\\\/krischan-gmbh.com\\\/\"},{\"@type\":\"ListItem\",\"position\":2,\"name\":\"Datenschutzerkl\u00e4rung\"}]},{\"@type\":\"WebSite\",\"@id\":\"https:\\\/\\\/krischan-gmbh.com\\\/#website\",\"url\":\"https:\\\/\\\/krischan-gmbh.com\\\/\",\"name\":\"Krischan GmbH\",\"description\":\"Ihr starker Partner.\",\"potentialAction\":[{\"@type\":\"SearchAction\",\"target\":{\"@type\":\"EntryPoint\",\"urlTemplate\":\"https:\\\/\\\/krischan-gmbh.com\\\/?s={search_term_string}\"},\"query-input\":{\"@type\":\"PropertyValueSpecification\",\"valueRequired\":true,\"valueName\":\"search_term_string\"}}],\"inLanguage\":\"en-US\"}]}<\/script>\n<!-- \/ Yoast SEO plugin. -->","yoast_head_json":{"title":"Datenschutzerkl\u00e4rung - Krischan GmbH","robots":{"index":"index","follow":"follow","max-snippet":"max-snippet:-1","max-image-preview":"max-image-preview:large","max-video-preview":"max-video-preview:-1"},"canonical":"https:\/\/krischan-gmbh.com\/en\/datenschutzerklaerung\/","og_locale":"en_US","og_type":"article","og_title":"Datenschutzerkl\u00e4rung - Krischan GmbH","og_url":"https:\/\/krischan-gmbh.com\/en\/datenschutzerklaerung\/","og_site_name":"Krischan GmbH","article_modified_time":"2020-10-28T13:28:12+00:00","twitter_card":"summary_large_image","twitter_misc":{"Est. reading time":"10 minutes"},"schema":{"@context":"https:\/\/schema.org","@graph":[{"@type":"WebPage","@id":"https:\/\/krischan-gmbh.com\/datenschutzerklaerung\/","url":"https:\/\/krischan-gmbh.com\/datenschutzerklaerung\/","name":"Datenschutzerkl\u00e4rung - Krischan GmbH","isPartOf":{"@id":"https:\/\/krischan-gmbh.com\/#website"},"datePublished":"2018-10-19T12:39:02+00:00","dateModified":"2020-10-28T13:28:12+00:00","breadcrumb":{"@id":"https:\/\/krischan-gmbh.com\/datenschutzerklaerung\/#breadcrumb"},"inLanguage":"en-US","potentialAction":[{"@type":"ReadAction","target":["https:\/\/krischan-gmbh.com\/datenschutzerklaerung\/"]}]},{"@type":"BreadcrumbList","@id":"https:\/\/krischan-gmbh.com\/datenschutzerklaerung\/#breadcrumb","itemListElement":[{"@type":"ListItem","position":1,"name":"Start","item":"https:\/\/krischan-gmbh.com\/"},{"@type":"ListItem","position":2,"name":"Datenschutzerkl\u00e4rung"}]},{"@type":"WebSite","@id":"https:\/\/krischan-gmbh.com\/#website","url":"https:\/\/krischan-gmbh.com\/","name":"Krischan GmbH","description":"Ihr starker Partner.","potentialAction":[{"@type":"SearchAction","target":{"@type":"EntryPoint","urlTemplate":"https:\/\/krischan-gmbh.com\/?s={search_term_string}"},"query-input":{"@type":"PropertyValueSpecification","valueRequired":true,"valueName":"search_term_string"}}],"inLanguage":"en-US"}]}},"jetpack_sharing_enabled":true,"_links":{"self":[{"href":"https:\/\/krischan-gmbh.com\/en\/wp-json\/wp\/v2\/pages\/3","targetHints":{"allow":["GET"]}}],"collection":[{"href":"https:\/\/krischan-gmbh.com\/en\/wp-json\/wp\/v2\/pages"}],"about":[{"href":"https:\/\/krischan-gmbh.com\/en\/wp-json\/wp\/v2\/types\/page"}],"author":[{"embeddable":true,"href":"https:\/\/krischan-gmbh.com\/en\/wp-json\/wp\/v2\/users\/2"}],"replies":[{"embeddable":true,"href":"https:\/\/krischan-gmbh.com\/en\/wp-json\/wp\/v2\/comments?post=3"}],"version-history":[{"count":0,"href":"https:\/\/krischan-gmbh.com\/en\/wp-json\/wp\/v2\/pages\/3\/revisions"}],"wp:attachment":[{"href":"https:\/\/krischan-gmbh.com\/en\/wp-json\/wp\/v2\/media?parent=3"}],"curies":[{"name":"wp","href":"https:\/\/api.w.org\/{rel}","templated":true}]}}